{"id":335,"date":"2019-08-17T10:42:38","date_gmt":"2019-08-17T10:42:38","guid":{"rendered":"http:\/\/www.symphonya.webservicescms.com\/produit\/table-rectangle-valise-183-cm\/"},"modified":"2019-08-17T10:42:48","modified_gmt":"2019-08-17T10:42:48","slug":"table-rectangle-valise-183-cm","status":"publish","type":"product","link":"https:\/\/www.symphonya.webservicescms.com\/en\/product\/table-rectangle-valise-183-cm\/","title":{"rendered":"Table Rectangle Valise 183 cm"},"content":{"rendered":"<p>Table rectangulaire en poly\u00e9thyl\u00e8ne haute densit\u00e9  qualit\u00e9 professionnelle. La table se plie et se range \u00e0 plat facilement gr\u00e2ce \u00e0 sa forme valise et sa poign\u00e9e de transport. R\u00e9sistante \u00e0 l\u2019eau  utilisation int\u00e9rieure et ext\u00e9rieure.<\/p>","protected":false},"excerpt":{"rendered":"<p>Table rectangulaire en poly\u00e9thyl\u00e8ne haute densit\u00e9  qualit\u00e9 professionnelle. La table se plie et se range \u00e0 plat facilement gr\u00e2ce \u00e0 sa forme valise et sa poign\u00e9e de transport. R\u00e9sistante \u00e0 l\u2019eau  utilisation int\u00e9rieure et ext\u00e9rieure.<\/p>","protected":false},"featured_media":336,"comment_status":"closed","ping_status":"open","template":"","meta":[],"product_cat":[15],"product_tag":[],"class_list":{"0":"post-335","1":"product","2":"type-product","3":"status-publish","4":"has-post-thumbnail","6":"product_cat-non-classe","8":"first","9":"instock","10":"purchasable","11":"product-type-simple","12":"add-to-wishlist-after_add_to_cart"},"_links":{"self":[{"href":"https:\/\/www.symphonya.webservicescms.com\/en\/wp-json\/wp\/v2\/product\/335","targetHints":{"allow":["GET"]}}],"collection":[{"href":"https:\/\/www.symphonya.webservicescms.com\/en\/wp-json\/wp\/v2\/product"}],"about":[{"href":"https:\/\/www.symphonya.webservicescms.com\/en\/wp-json\/wp\/v2\/types\/product"}],"replies":[{"embeddable":true,"href":"https:\/\/www.symphonya.webservicescms.com\/en\/wp-json\/wp\/v2\/comments?post=335"}],"wp:featuredmedia":[{"embeddable":true,"href":"https:\/\/www.symphonya.webservicescms.com\/en\/wp-json\/wp\/v2\/media\/336"}],"wp:attachment":[{"href":"https:\/\/www.symphonya.webservicescms.com\/en\/wp-json\/wp\/v2\/media?parent=335"}],"wp:term":[{"taxonomy":"product_cat","embeddable":true,"href":"https:\/\/www.symphonya.webservicescms.com\/en\/wp-json\/wp\/v2\/product_cat?post=335"},{"taxonomy":"product_tag","embeddable":true,"href":"https:\/\/www.symphonya.webservicescms.com\/en\/wp-json\/wp\/v2\/product_tag?post=335"}],"curies":[{"name":"wp","href":"https:\/\/api.w.org\/{rel}","templated":true}]}}