{"id":498,"date":"2019-11-03T10:46:08","date_gmt":"2019-11-03T10:46:08","guid":{"rendered":"http:\/\/www.symphonya.webservicescms.com\/produit\/nappe-carree-anti-tache-240x240-noire\/"},"modified":"2019-11-03T10:46:09","modified_gmt":"2019-11-03T10:46:09","slug":"nappe-carree-anti-tache-240x240-noire","status":"publish","type":"product","link":"https:\/\/www.symphonya.webservicescms.com\/en\/product\/nappe-carree-anti-tache-240x240-noire\/","title":{"rendered":"Nappe carr\u00e9e Anti-tache 240\u00d7240 noire"},"content":{"rendered":"<p>Nappe carr\u00e9e Anti-tache 240\u00d7240 noire<\/p>","protected":false},"excerpt":{"rendered":"<p>Nappe carr\u00e9e Anti-tache 240\u00d7240 noire<\/p>","protected":false},"featured_media":499,"comment_status":"closed","ping_status":"open","template":"","meta":[],"product_cat":[42],"product_tag":[45],"class_list":{"0":"post-498","1":"product","2":"type-product","3":"status-publish","4":"has-post-thumbnail","6":"product_cat-nappes","7":"product_tag-nappe-carre-anti-tache-290cm","9":"first","10":"instock","11":"purchasable","12":"product-type-simple","13":"add-to-wishlist-after_add_to_cart"},"_links":{"self":[{"href":"https:\/\/www.symphonya.webservicescms.com\/en\/wp-json\/wp\/v2\/product\/498","targetHints":{"allow":["GET"]}}],"collection":[{"href":"https:\/\/www.symphonya.webservicescms.com\/en\/wp-json\/wp\/v2\/product"}],"about":[{"href":"https:\/\/www.symphonya.webservicescms.com\/en\/wp-json\/wp\/v2\/types\/product"}],"replies":[{"embeddable":true,"href":"https:\/\/www.symphonya.webservicescms.com\/en\/wp-json\/wp\/v2\/comments?post=498"}],"wp:featuredmedia":[{"embeddable":true,"href":"https:\/\/www.symphonya.webservicescms.com\/en\/wp-json\/wp\/v2\/media\/499"}],"wp:attachment":[{"href":"https:\/\/www.symphonya.webservicescms.com\/en\/wp-json\/wp\/v2\/media?parent=498"}],"wp:term":[{"taxonomy":"product_cat","embeddable":true,"href":"https:\/\/www.symphonya.webservicescms.com\/en\/wp-json\/wp\/v2\/product_cat?post=498"},{"taxonomy":"product_tag","embeddable":true,"href":"https:\/\/www.symphonya.webservicescms.com\/en\/wp-json\/wp\/v2\/product_tag?post=498"}],"curies":[{"name":"wp","href":"https:\/\/api.w.org\/{rel}","templated":true}]}}