{"id":508,"date":"2019-11-03T10:46:08","date_gmt":"2019-11-03T10:46:08","guid":{"rendered":"http:\/\/www.symphonya.webservicescms.com\/produit\/nappe-carree-anti-tache-240x240-blanche\/"},"modified":"2019-11-03T10:46:11","modified_gmt":"2019-11-03T10:46:11","slug":"nappe-carree-anti-tache-240x240-blanche","status":"publish","type":"product","link":"https:\/\/www.symphonya.webservicescms.com\/en\/product\/nappe-carree-anti-tache-240x240-blanche\/","title":{"rendered":"Nappe carr\u00e9e anti-tache 240\u00d7240 blanche"},"content":{"rendered":"<p>Nappe carr\u00e9e anti-tache 240\u00d7240 blanche<\/p>","protected":false},"excerpt":{"rendered":"<p>Nappe carr\u00e9e anti-tache 240\u00d7240 blanche<\/p>","protected":false},"featured_media":509,"comment_status":"closed","ping_status":"open","template":"","meta":[],"product_cat":[42],"product_tag":[45],"class_list":{"0":"post-508","1":"product","2":"type-product","3":"status-publish","4":"has-post-thumbnail","6":"product_cat-nappes","7":"product_tag-nappe-carre-anti-tache-290cm","9":"first","10":"instock","11":"purchasable","12":"product-type-simple","13":"add-to-wishlist-after_add_to_cart"},"_links":{"self":[{"href":"https:\/\/www.symphonya.webservicescms.com\/en\/wp-json\/wp\/v2\/product\/508","targetHints":{"allow":["GET"]}}],"collection":[{"href":"https:\/\/www.symphonya.webservicescms.com\/en\/wp-json\/wp\/v2\/product"}],"about":[{"href":"https:\/\/www.symphonya.webservicescms.com\/en\/wp-json\/wp\/v2\/types\/product"}],"replies":[{"embeddable":true,"href":"https:\/\/www.symphonya.webservicescms.com\/en\/wp-json\/wp\/v2\/comments?post=508"}],"wp:featuredmedia":[{"embeddable":true,"href":"https:\/\/www.symphonya.webservicescms.com\/en\/wp-json\/wp\/v2\/media\/509"}],"wp:attachment":[{"href":"https:\/\/www.symphonya.webservicescms.com\/en\/wp-json\/wp\/v2\/media?parent=508"}],"wp:term":[{"taxonomy":"product_cat","embeddable":true,"href":"https:\/\/www.symphonya.webservicescms.com\/en\/wp-json\/wp\/v2\/product_cat?post=508"},{"taxonomy":"product_tag","embeddable":true,"href":"https:\/\/www.symphonya.webservicescms.com\/en\/wp-json\/wp\/v2\/product_tag?post=508"}],"curies":[{"name":"wp","href":"https:\/\/api.w.org\/{rel}","templated":true}]}}