{"id":6643,"date":"2024-03-09T22:12:34","date_gmt":"2024-03-09T22:12:34","guid":{"rendered":"https:\/\/www.symphonya.webservicescms.com\/produit\/centre-de-table-alicia-or-2\/"},"modified":"2024-03-09T22:12:34","modified_gmt":"2024-03-09T22:12:34","slug":"centre-de-table-alicia-or-2","status":"publish","type":"product","link":"https:\/\/www.symphonya.webservicescms.com\/en\/product\/centre-de-table-alicia-or-2\/","title":{"rendered":"Centre de table Alicia or"},"content":{"rendered":"<p>L&#8217;article a \u00e9t\u00e9 ajout\u00e9<\/p>","protected":false},"excerpt":{"rendered":"<p>L&#8217;article a \u00e9t\u00e9 ajout\u00e9<\/p>","protected":false},"featured_media":0,"comment_status":"closed","ping_status":"open","template":"","meta":[],"product_cat":[237],"product_tag":[144],"class_list":{"0":"post-6643","1":"product","2":"type-product","3":"status-publish","5":"product_cat-centre-de-table","6":"product_tag-harmonie-florale","8":"first","9":"instock","10":"purchasable","11":"product-type-simple","12":"add-to-wishlist-after_add_to_cart"},"_links":{"self":[{"href":"https:\/\/www.symphonya.webservicescms.com\/en\/wp-json\/wp\/v2\/product\/6643","targetHints":{"allow":["GET"]}}],"collection":[{"href":"https:\/\/www.symphonya.webservicescms.com\/en\/wp-json\/wp\/v2\/product"}],"about":[{"href":"https:\/\/www.symphonya.webservicescms.com\/en\/wp-json\/wp\/v2\/types\/product"}],"replies":[{"embeddable":true,"href":"https:\/\/www.symphonya.webservicescms.com\/en\/wp-json\/wp\/v2\/comments?post=6643"}],"wp:attachment":[{"href":"https:\/\/www.symphonya.webservicescms.com\/en\/wp-json\/wp\/v2\/media?parent=6643"}],"wp:term":[{"taxonomy":"product_cat","embeddable":true,"href":"https:\/\/www.symphonya.webservicescms.com\/en\/wp-json\/wp\/v2\/product_cat?post=6643"},{"taxonomy":"product_tag","embeddable":true,"href":"https:\/\/www.symphonya.webservicescms.com\/en\/wp-json\/wp\/v2\/product_tag?post=6643"}],"curies":[{"name":"wp","href":"https:\/\/api.w.org\/{rel}","templated":true}]}}