{"id":6852,"date":"2024-03-10T06:26:24","date_gmt":"2024-03-10T06:26:24","guid":{"rendered":"https:\/\/www.symphonya.webservicescms.com\/produit\/centre-de-table-helia-100-cm\/"},"modified":"2024-03-10T06:26:24","modified_gmt":"2024-03-10T06:26:24","slug":"centre-de-table-helia-100-cm","status":"publish","type":"product","link":"https:\/\/www.symphonya.webservicescms.com\/en\/product\/centre-de-table-helia-100-cm\/","title":{"rendered":"Centre de table Helia 100 cm"},"content":{"rendered":"<p>L&#8217;article a \u00e9t\u00e9 ajout\u00e9<\/p>","protected":false},"excerpt":{"rendered":"<p>L&#8217;article a \u00e9t\u00e9 ajout\u00e9<\/p>","protected":false},"featured_media":0,"comment_status":"closed","ping_status":"open","template":"","meta":[],"product_cat":[15,237],"product_tag":[144],"class_list":{"0":"post-6852","1":"product","2":"type-product","3":"status-publish","5":"product_cat-non-classe","6":"product_cat-centre-de-table","7":"product_tag-harmonie-florale","9":"first","10":"instock","11":"purchasable","12":"product-type-simple","13":"add-to-wishlist-after_add_to_cart"},"_links":{"self":[{"href":"https:\/\/www.symphonya.webservicescms.com\/en\/wp-json\/wp\/v2\/product\/6852","targetHints":{"allow":["GET"]}}],"collection":[{"href":"https:\/\/www.symphonya.webservicescms.com\/en\/wp-json\/wp\/v2\/product"}],"about":[{"href":"https:\/\/www.symphonya.webservicescms.com\/en\/wp-json\/wp\/v2\/types\/product"}],"replies":[{"embeddable":true,"href":"https:\/\/www.symphonya.webservicescms.com\/en\/wp-json\/wp\/v2\/comments?post=6852"}],"wp:attachment":[{"href":"https:\/\/www.symphonya.webservicescms.com\/en\/wp-json\/wp\/v2\/media?parent=6852"}],"wp:term":[{"taxonomy":"product_cat","embeddable":true,"href":"https:\/\/www.symphonya.webservicescms.com\/en\/wp-json\/wp\/v2\/product_cat?post=6852"},{"taxonomy":"product_tag","embeddable":true,"href":"https:\/\/www.symphonya.webservicescms.com\/en\/wp-json\/wp\/v2\/product_tag?post=6852"}],"curies":[{"name":"wp","href":"https:\/\/api.w.org\/{rel}","templated":true}]}}