{"id":80,"date":"2019-08-08T15:10:17","date_gmt":"2019-08-08T15:10:17","guid":{"rendered":"http:\/\/www.symphonya.webservicescms.com\/produit\/vase-medicis-h45-d28\/"},"modified":"2019-08-08T15:10:18","modified_gmt":"2019-08-08T15:10:18","slug":"vase-medicis-h45-d28","status":"publish","type":"product","link":"https:\/\/www.symphonya.webservicescms.com\/en\/product\/vase-medicis-h45-d28\/","title":{"rendered":"Vase m\u00e9dicis H45 D28"},"content":{"rendered":"<p>Vase M\u00e9dicis en verre transparent. Hauteur de 45 cm et diam\u00e8tre de 28 cm.<\/p>","protected":false},"excerpt":{"rendered":"<p>Vase M\u00e9dicis en verre transparent. Hauteur de 45 cm et diam\u00e8tre de 28 cm.<\/p>","protected":false},"featured_media":58,"comment_status":"closed","ping_status":"open","template":"","meta":[],"product_cat":[30,20],"product_tag":[],"class_list":{"0":"post-80","1":"product","2":"type-product","3":"status-publish","4":"has-post-thumbnail","6":"product_cat-categorie-vase-sur-pied","7":"product_cat-verrerie","9":"first","10":"instock","11":"taxable","12":"shipping-taxable","13":"product-type-simple","14":"add-to-wishlist-after_add_to_cart"},"_links":{"self":[{"href":"https:\/\/www.symphonya.webservicescms.com\/en\/wp-json\/wp\/v2\/product\/80","targetHints":{"allow":["GET"]}}],"collection":[{"href":"https:\/\/www.symphonya.webservicescms.com\/en\/wp-json\/wp\/v2\/product"}],"about":[{"href":"https:\/\/www.symphonya.webservicescms.com\/en\/wp-json\/wp\/v2\/types\/product"}],"replies":[{"embeddable":true,"href":"https:\/\/www.symphonya.webservicescms.com\/en\/wp-json\/wp\/v2\/comments?post=80"}],"wp:featuredmedia":[{"embeddable":true,"href":"https:\/\/www.symphonya.webservicescms.com\/en\/wp-json\/wp\/v2\/media\/58"}],"wp:attachment":[{"href":"https:\/\/www.symphonya.webservicescms.com\/en\/wp-json\/wp\/v2\/media?parent=80"}],"wp:term":[{"taxonomy":"product_cat","embeddable":true,"href":"https:\/\/www.symphonya.webservicescms.com\/en\/wp-json\/wp\/v2\/product_cat?post=80"},{"taxonomy":"product_tag","embeddable":true,"href":"https:\/\/www.symphonya.webservicescms.com\/en\/wp-json\/wp\/v2\/product_tag?post=80"}],"curies":[{"name":"wp","href":"https:\/\/api.w.org\/{rel}","templated":true}]}}