{"id":6331,"date":"2016-01-16T05:16:48","date_gmt":"2016-01-16T05:16:48","guid":{"rendered":"http:\/\/wpbakery.thembay.com\/megabuy2\/?page_id=110"},"modified":"2024-04-04T11:29:55","modified_gmt":"2024-04-04T11:29:55","slug":"home","status":"publish","type":"page","link":"https:\/\/www.symphonya.webservicescms.com\/fr_fr\/","title":{"rendered":"Home"},"content":{"rendered":"<div class=\"wpb-content-wrapper\"><div data-vc-full-width=\"true\" data-vc-full-width-init=\"false\" data-vc-stretch-content=\"true\" class=\"vc_row wpb_row vc_row-fluid vc_custom_1529564117699 vc_row-no-padding\"><div class=\"wpb_column vc_column_container vc_col-sm-12\"><div class=\"vc_column-inner\"><div class=\"wpb_wrapper\">\n\t\t\t<!-- START Ohio Home 01 REVOLUTION SLIDER 6.6.20 --><p class=\"rs-p-wp-fix\"><\/p>\n\t\t\t<rs-module-wrap id=\"rev_slider_1_1_wrapper\" data-source=\"gallery\" style=\"visibility:hidden;background:transparent;padding:0;margin:0px auto;margin-top:0;margin-bottom:0;\">\n\t\t\t\t<rs-module id=\"rev_slider_1_1\" style=\"\" data-version=\"6.6.20\">\n\t\t\t\t\t<rs-slides style=\"overflow: hidden; position: absolute;\">\n\t\t\t\t\t\t<rs-slide style=\"position: absolute;\" data-key=\"rs-1\" data-title=\"Slide\" data-thumb=\"\/\/www.symphonya.webservicescms.com\/wp-content\/uploads\/2024\/03\/vecteezy_ai-generated-sunlight-meadow-yellow-sunset-close-ai-generated_34634914-scaled-100x50.jpg\" data-in=\"o:0;\" data-out=\"a:false;\">\n\t\t\t\t\t\t\t<img fetchpriority=\"high\" decoding=\"async\" src=\"\/\/www.symphonya.webservicescms.com\/wp-content\/plugins\/revslider\/public\/assets\/assets\/dummy.png\" alt=\"\" title=\"first marriage wedding flowers background ai generated\" width=\"2560\" height=\"1435\" class=\"rev-slidebg tp-rs-img rs-lazyload\" data-lazyload=\"\/\/www.symphonya.webservicescms.com\/wp-content\/uploads\/2024\/03\/vecteezy_ai-generated-sunlight-meadow-yellow-sunset-close-ai-generated_34634914-scaled.jpg\" data-no-retina>\n<!--\n\t\t\t\t\t\t\t--><rs-layer\n\t\t\t\t\t\t\t\tid=\"slider-1-slide-1-layer-1\" \n\t\t\t\t\t\t\t\tdata-type=\"text\"\n\t\t\t\t\t\t\t\tdata-rsp_ch=\"on\"\n\t\t\t\t\t\t\t\tdata-xy=\"x:c;xo:0,-1px,-1px,0;yo:245px,102px,102px,267px;\"\n\t\t\t\t\t\t\t\tdata-text=\"s:50,50,50,32;l:50,50,50,34;fw:800,800,800,700;a:center;\"\n\t\t\t\t\t\t\t\tdata-frame_0=\"y:-100%;o:1;\"\n\t\t\t\t\t\t\t\tdata-frame_0_mask=\"u:t;\"\n\t\t\t\t\t\t\t\tdata-frame_1=\"e:power2.inOut;st:100;sp:2000;sR:100;\"\n\t\t\t\t\t\t\t\tdata-frame_1_mask=\"u:t;\"\n\t\t\t\t\t\t\t\tdata-frame_999=\"o:0;e:nothing;st:w;sp:0;sR:6900;\"\n\t\t\t\t\t\t\t\tstyle=\"z-index:6;font-family:'Nunito';\"\n\t\t\t\t\t\t\t>Mat\u00e9riel de location<br\/>\net organisation de mariage \n\t\t\t\t\t\t\t<\/rs-layer><!--\n\n\t\t\t\t\t\t\t--><rs-layer\n\t\t\t\t\t\t\t\tid=\"slider-1-slide-1-layer-2\" \n\t\t\t\t\t\t\t\tdata-type=\"text\"\n\t\t\t\t\t\t\t\tdata-color=\"rgba(255, 255, 255, 0.8)\"\n\t\t\t\t\t\t\t\tdata-rsp_ch=\"on\"\n\t\t\t\t\t\t\t\tdata-xy=\"x:c;xo:0,0,0,2px;yo:353px,230px,230px,359px;\"\n\t\t\t\t\t\t\t\tdata-text=\"s:16,20,20,15;l:25,25,25,20;a:inherit,inherit,inherit,center;\"\n\t\t\t\t\t\t\t\tdata-frame_0=\"y:-100%;o:1;\"\n\t\t\t\t\t\t\t\tdata-frame_0_mask=\"u:t;\"\n\t\t\t\t\t\t\t\tdata-frame_1=\"e:power2.inOut;st:200;sp:2000;sR:200;\"\n\t\t\t\t\t\t\t\tdata-frame_1_mask=\"u:t;\"\n\t\t\t\t\t\t\t\tdata-frame_999=\"o:0;e:nothing;st:w;sp:0;sR:6800;\"\n\t\t\t\t\t\t\t\tstyle=\"z-index:7;font-family:'Nunito';\"\n\t\t\t\t\t\t\t>Phasellus nec elementum sem. Phasellus lacus elit, varius vitae enim et, \n\t\t\t\t\t\t\t<\/rs-layer><!--\n\n\t\t\t\t\t\t\t--><a\n\t\t\t\t\t\t\t\tid=\"slider-1-slide-1-layer-3\" \n\t\t\t\t\t\t\t\tclass=\"rs-layer rev-btn\"\n\t\t\t\t\t\t\t\thref=\"https:\/\/wpbakery.thembay.com\/puca_ohio\/shop\/\" target=\"_blank\" rel=\"noopener\"\n\t\t\t\t\t\t\t\tdata-type=\"button\"\n\t\t\t\t\t\t\t\tdata-color=\"rgba(255,255,255,1)\"\n\t\t\t\t\t\t\t\tdata-xy=\"x:c;xo:0,0,0,5px;y:t,t,t,m;yo:440px,316px,316px,90px;\"\n\t\t\t\t\t\t\t\tdata-text=\"s:14;l:50;fw:800;a:inherit;\"\n\t\t\t\t\t\t\t\tdata-rsp_bd=\"off\"\n\t\t\t\t\t\t\t\tdata-padding=\"r:45,45,45,30;l:45,45,45,30;\"\n\t\t\t\t\t\t\t\tdata-border=\"bor:30px,30px,30px,30px;\"\n\t\t\t\t\t\t\t\tdata-frame_0=\"y:-100%;o:1;\"\n\t\t\t\t\t\t\t\tdata-frame_0_mask=\"u:t;\"\n\t\t\t\t\t\t\t\tdata-frame_1=\"e:power2.inOut;st:300;sp:2000;sR:300;\"\n\t\t\t\t\t\t\t\tdata-frame_1_mask=\"u:t;\"\n\t\t\t\t\t\t\t\tdata-frame_999=\"o:0;e:nothing;st:w;sp:0;sR:6700;\"\n\t\t\t\t\t\t\t\tdata-frame_hover=\"bgc:#4d6171;boc:#000;bor:30px,30px,30px,30px;bos:solid;oX:50;oY:50;sp:0;\"\n\t\t\t\t\t\t\t\tstyle=\"z-index:8;background-color:#ff5964;font-family:'Nunito';text-transform:uppercase;cursor:pointer;outline:none;box-shadow:none;box-sizing:border-box;-moz-box-sizing:border-box;-webkit-box-sizing:border-box;\"\n\t\t\t\t\t\t\t>D\u00e9couvrez-nous \n\t\t\t\t\t\t\t<\/a><!--\n-->\t\t\t\t\t\t<\/rs-slide>\n\t\t\t\t\t\t<rs-slide style=\"position: absolute;\" data-key=\"rs-2\" data-title=\"Slide\" data-thumb=\"\/\/www.symphonya.webservicescms.com\/wp-content\/uploads\/2024\/03\/vecteezy_a-place-for-a-wedding-ceremony-in-nature-beautiful-wedding_39926791-scaled-100x50.jpg\" data-in=\"o:0;\" data-out=\"a:false;\">\n\t\t\t\t\t\t\t<img decoding=\"async\" src=\"\/\/www.symphonya.webservicescms.com\/wp-content\/plugins\/revslider\/public\/assets\/assets\/dummy.png\" alt=\"\" title=\"A place for a wedding ceremony in nature, beautiful wedding decor\" width=\"2560\" height=\"1707\" class=\"rev-slidebg tp-rs-img rs-lazyload\" data-lazyload=\"\/\/www.symphonya.webservicescms.com\/wp-content\/uploads\/2024\/03\/vecteezy_a-place-for-a-wedding-ceremony-in-nature-beautiful-wedding_39926791-scaled.jpg\" data-no-retina>\n<!--\n\t\t\t\t\t\t\t--><rs-layer\n\t\t\t\t\t\t\t\tid=\"slider-1-slide-2-layer-1\" \n\t\t\t\t\t\t\t\tdata-type=\"text\"\n\t\t\t\t\t\t\t\tdata-rsp_ch=\"on\"\n\t\t\t\t\t\t\t\tdata-xy=\"x:c;xo:1px,-1px,-1px,0;yo:273px,162px,162px,287px;\"\n\t\t\t\t\t\t\t\tdata-text=\"s:50,50,50,37;l:50,50,50,35;fw:800,800,800,700;a:center;\"\n\t\t\t\t\t\t\t\tdata-frame_0=\"y:100%;\"\n\t\t\t\t\t\t\t\tdata-frame_0_mask=\"u:t;y:100%;\"\n\t\t\t\t\t\t\t\tdata-frame_1=\"e:power2.inOut;st:100;sp:2000;sR:100;\"\n\t\t\t\t\t\t\t\tdata-frame_1_mask=\"u:t;\"\n\t\t\t\t\t\t\t\tdata-frame_999=\"o:0;e:nothing;st:w;sp:0;sR:6900;\"\n\t\t\t\t\t\t\t\tstyle=\"z-index:5;font-family:'Nunito';\"\n\t\t\t\t\t\t\t>Contactez-Nous \n\t\t\t\t\t\t\t<\/rs-layer><!--\n\n\t\t\t\t\t\t\t--><rs-layer\n\t\t\t\t\t\t\t\tid=\"slider-1-slide-2-layer-2\" \n\t\t\t\t\t\t\t\tdata-type=\"text\"\n\t\t\t\t\t\t\t\tdata-color=\"rgba(255, 255, 255, 0.8)\"\n\t\t\t\t\t\t\t\tdata-rsp_ch=\"on\"\n\t\t\t\t\t\t\t\tdata-xy=\"x:c;yo:337px,225px,225px,356px;\"\n\t\t\t\t\t\t\t\tdata-text=\"w:nowrap,nowrap,nowrap,normal;s:16,20,20,15;a:inherit,inherit,inherit,center;\"\n\t\t\t\t\t\t\t\tdata-dim=\"w:auto,auto,auto,377px;\"\n\t\t\t\t\t\t\t\tdata-frame_0=\"y:100%;\"\n\t\t\t\t\t\t\t\tdata-frame_0_mask=\"u:t;y:100%;\"\n\t\t\t\t\t\t\t\tdata-frame_1=\"e:power2.inOut;st:200;sp:2000;sR:200;\"\n\t\t\t\t\t\t\t\tdata-frame_1_mask=\"u:t;\"\n\t\t\t\t\t\t\t\tdata-frame_999=\"o:0;e:nothing;st:w;sp:0;sR:6800;\"\n\t\t\t\t\t\t\t\tstyle=\"z-index:6;font-family:'Lato';\"\n\t\t\t\t\t\t\t>Phasellus nec elementum sem. Phasellus lacus elit, varius vitae enim et, \n\t\t\t\t\t\t\t<\/rs-layer><!--\n\n\t\t\t\t\t\t\t--><a\n\t\t\t\t\t\t\t\tid=\"slider-1-slide-2-layer-7\" \n\t\t\t\t\t\t\t\tclass=\"rs-layer rev-btn\"\n\t\t\t\t\t\t\t\thref=\"https:\/\/wpbakery.thembay.com\/puca_ohio\/shop\/\" target=\"_blank\" rel=\"noopener\"\n\t\t\t\t\t\t\t\tdata-type=\"button\"\n\t\t\t\t\t\t\t\tdata-color=\"rgba(255,255,255,1)\"\n\t\t\t\t\t\t\t\tdata-xy=\"x:c;xo:0,0,0,5px;y:t,t,t,m;yo:389px,316px,316px,90px;\"\n\t\t\t\t\t\t\t\tdata-text=\"s:14;l:50;fw:800;a:inherit;\"\n\t\t\t\t\t\t\t\tdata-rsp_bd=\"off\"\n\t\t\t\t\t\t\t\tdata-padding=\"r:45,45,45,30;l:45,45,45,30;\"\n\t\t\t\t\t\t\t\tdata-border=\"bor:30px,30px,30px,30px;\"\n\t\t\t\t\t\t\t\tdata-frame_0=\"y:-100%;o:1;\"\n\t\t\t\t\t\t\t\tdata-frame_0_mask=\"u:t;\"\n\t\t\t\t\t\t\t\tdata-frame_1=\"e:power2.inOut;st:300;sp:2000;sR:300;\"\n\t\t\t\t\t\t\t\tdata-frame_1_mask=\"u:t;\"\n\t\t\t\t\t\t\t\tdata-frame_999=\"o:0;e:nothing;st:w;sp:0;sR:6700;\"\n\t\t\t\t\t\t\t\tdata-frame_hover=\"bgc:#4d6171;boc:#000;bor:30px,30px,30px,30px;bos:solid;oX:50;oY:50;sp:0;\"\n\t\t\t\t\t\t\t\tstyle=\"z-index:7;background-color:#ff5964;font-family:'Nunito';text-transform:uppercase;cursor:pointer;outline:none;box-shadow:none;box-sizing:border-box;-moz-box-sizing:border-box;-webkit-box-sizing:border-box;\"\n\t\t\t\t\t\t\t>D\u00e9couvrez-nous \n\t\t\t\t\t\t\t<\/a><!--\n-->\t\t\t\t\t\t<\/rs-slide>\n\t\t\t\t\t<\/rs-slides>\n\t\t\t\t<\/rs-module>\n\t\t\t\t<script>\n\t\t\t\t\tsetREVStartSize({c: 'rev_slider_1_1',rl:[1240,1024,778,480],el:[700,500,400,700],gw:[1818,1024,778,480],gh:[700,500,400,700],type:'standard',justify:'',layout:'fullwidth',mh:\"0\"});if (window.RS_MODULES!==undefined && window.RS_MODULES.modules!==undefined && window.RS_MODULES.modules[\"revslider11\"]!==undefined) {window.RS_MODULES.modules[\"revslider11\"].once = false;window.revapi1 = undefined;if (window.RS_MODULES.checkMinimal!==undefined) window.RS_MODULES.checkMinimal()}\n\t\t\t\t<\/script>\n\t\t\t<\/rs-module-wrap>\n\t\t\t<!-- END REVOLUTION SLIDER -->\n<\/div><\/div><\/div><\/div><div class=\"vc_row-full-width vc_clearfix\"><\/div><div class=\"vc_row wpb_row vc_row-fluid vc_custom_1529564887539\"><div class=\"wpb_animate_when_almost_visible wpb_fadeInUp fadeInUp wpb_column vc_column_container vc_col-sm-12 vc_hidden-xs\"><div class=\"vc_column-inner\"><div class=\"wpb_wrapper\"><div class=\"vc_separator wpb_content_element vc_separator_align_center vc_sep_width_100 vc_sep_pos_align_center vc_sep_color_grey vc_separator-has-text\" ><span class=\"vc_sep_holder vc_sep_holder_l\"><span class=\"vc_sep_line\"><\/span><\/span><h4>Promo<\/h4><span class=\"vc_sep_holder vc_sep_holder_r\"><span class=\"vc_sep_line\"><\/span><\/span>\n<\/div><div class=\"woocommerce columns-4 \"><div class=\"products\"><section class=\"product add-to-wishlist-after_add_to_cart type-product post-2255 status-publish first instock product_cat-office product_tag-denim product_tag-furniture has-post-thumbnail featured taxable shipping-taxable purchasable product-type-simple\" data-product_id=\"2255\">\n\t<div class=\"product-wrapper\">\n\t\t\t\n\t\t<div class=\"thumbnail-wrapper\">\n\t\t\t<a href=\"https:\/\/www.symphonya.webservicescms.com\/fr_fr\/produit\/ragg-wool-beanie-oatmeal\/\">\n\n\t\t\t\t<figure class=\"has-back-image\"><img decoding=\"async\" src=\"http:\/\/www.symphonya.webservicescms.com\/wp-content\/themes\/yobazar\/images\/prod_loading.gif\" data-src=\"https:\/\/www.symphonya.webservicescms.com\/wp-content\/uploads\/2017\/09\/product-003-370x370.jpg\" class=\"attachment-shop_catalog wp-post-image ts-lazy-load\" alt=\"\" width=\"370\" height=\"370\" \/><img loading=\"lazy\" decoding=\"async\" src=\"http:\/\/www.symphonya.webservicescms.com\/wp-content\/themes\/yobazar\/images\/prod_loading.gif\" data-src=\"https:\/\/www.symphonya.webservicescms.com\/wp-content\/uploads\/2017\/09\/product-009-370x370.jpg\" class=\"product-image-back ts-lazy-load\" alt=\"\" width=\"370\" height=\"370\" \/><\/figure>\n\t\t\t<\/a>\n\t\t\t\t\t<div class=\"product-label\">\n\t<span class=\"featured\"><span>Hot<\/span><\/span>\t<\/div>\n\t<div class=\"product-group-button\"><div class=\"button-in quickshop\"><a class=\"quickshop\" href=\"#\" data-product_id=\"2255\"><span class=\"ts-tooltip button-tooltip\">Quick view<\/span><\/a><\/div><div class=\"button-in compare\"><a class=\"compare\" href=\"https:\/\/www.symphonya.webservicescms.com?action=yith-woocompare-add-product&id=2255\" data-product_id=\"2255\"><span class=\"ts-tooltip button-tooltip\" data-title=\"Add to compare\">Comparer<\/span><\/a><\/div><div class=\"button-in wishlist\">\n<div\n\tclass=\"yith-wcwl-add-to-wishlist add-to-wishlist-2255  wishlist-fragment on-first-load\"\n\tdata-fragment-ref=\"2255\"\n\tdata-fragment-options=\"{&quot;base_url&quot;:&quot;&quot;,&quot;in_default_wishlist&quot;:false,&quot;is_single&quot;:false,&quot;show_exists&quot;:false,&quot;product_id&quot;:2255,&quot;parent_product_id&quot;:2255,&quot;product_type&quot;:&quot;simple&quot;,&quot;show_view&quot;:false,&quot;browse_wishlist_text&quot;:&quot;Parcourir la liste de souhaits&quot;,&quot;already_in_wishslist_text&quot;:&quot;Le produit est d\\u00e9j\\u00e0 dans votre liste de souhaits!&quot;,&quot;product_added_text&quot;:&quot;Produit ajout\\u00e9!&quot;,&quot;heading_icon&quot;:&quot;custom&quot;,&quot;available_multi_wishlist&quot;:false,&quot;disable_wishlist&quot;:false,&quot;show_count&quot;:false,&quot;ajax_loading&quot;:false,&quot;loop_position&quot;:&quot;after_add_to_cart&quot;,&quot;item&quot;:&quot;add_to_wishlist&quot;}\"\n>\n\t\t\t\n\t\t\t<!-- ADD TO WISHLIST -->\n\t\t\t\n<div class=\"yith-wcwl-add-button\">\n\t\t<a\n\t\thref=\"?add_to_wishlist=2255&#038;_wpnonce=9d837f4184\"\n\t\tclass=\"add_to_wishlist single_add_to_wishlist\"\n\t\tdata-product-id=\"2255\"\n\t\tdata-product-type=\"simple\"\n\t\tdata-original-product-id=\"2255\"\n\t\tdata-title=\"&lt;span class=&quot;ts-tooltip button-tooltip&quot; data-title=&quot;Add to wishlist&quot;&gt;Wishlist&lt;\/span&gt;\"\n\t\trel=\"nofollow\"\n\t>\n\t\t\t\t<span><span class=\"ts-tooltip button-tooltip\" data-title=\"Add to wishlist\">Wishlist<\/span><\/span>\n\t<\/a>\n<\/div>\n\n\t\t\t<!-- COUNT TEXT -->\n\t\t\t\n\t\t\t<\/div>\n<\/div><div class=\"loop-add-to-cart\"><a href=\"?add-to-cart=2255\" data-quantity=\"1\" class=\"button product_type_simple add_to_cart_button ajax_add_to_cart\" data-product_id=\"2255\" data-product_sku=\"MEGA-ACCES-04\" aria-label=\"Ajouter au panier\u00a0: &ldquo;Ragg Wool Beanie Oatmeal&rdquo;\" aria-describedby=\"\" rel=\"nofollow\"><span class=\"ts-tooltip button-tooltip\">Ajouter au panier<\/span><\/a><\/div><\/div>\t\t\t\n\t\t<\/div>\n\t\t<div class=\"meta-wrapper\">\n\t\t\t<div class=\"product-sku\">MEGA-ACCES-04<\/div><div class=\"product-categories\"><span>Categories: <\/span><a href=\"https:\/\/www.symphonya.webservicescms.com\/fr_fr\/categorie-produit\/office\/\" rel=\"tag\">Office<\/a><\/div><h3 class=\"heading-title product-name\"><a href=\"https:\/\/www.symphonya.webservicescms.com\/fr_fr\/produit\/ragg-wool-beanie-oatmeal\/\">Ragg Wool Beanie Oatmeal<\/a><\/h3>\n\t<span class=\"price\"><span class=\"woocommerce-Price-amount amount\"><bdi><span class=\"woocommerce-Price-currencySymbol\">&euro;<\/span>599,00<\/bdi><\/span><\/span>\n<div class=\"star-rating\" role=\"img\" aria-label=\"Note 5.00 sur 5\"><span style=\"width:100%\">Note <strong class=\"rating\">5.00<\/strong> sur 5<\/span><\/div><div class=\"count-rating\">1 Review<\/div>\t\t<div class=\"short-description\">\n\t\t\t- 12 months warranty\n- 01 vs 01 pay back\n- FREE Shipping\n- Special Gift at weekend.\t\t<\/div>\n\t\t\t<\/div>\n\t\t\n\t\t<div class=\"meta-wrapper meta-wrapper-2\">\n\t\t\t<div class=\"product-group-button-meta\"><div class=\"loop-add-to-cart\"><a href=\"?add-to-cart=2255\" data-quantity=\"1\" class=\"button product_type_simple add_to_cart_button ajax_add_to_cart\" data-product_id=\"2255\" data-product_sku=\"MEGA-ACCES-04\" aria-label=\"Ajouter au panier\u00a0: &ldquo;Ragg Wool Beanie Oatmeal&rdquo;\" aria-describedby=\"\" rel=\"nofollow\"><span class=\"ts-tooltip button-tooltip\">Ajouter au panier<\/span><\/a><\/div><div class=\"button-in wishlist\">\n<div\n\tclass=\"yith-wcwl-add-to-wishlist add-to-wishlist-2255  wishlist-fragment on-first-load\"\n\tdata-fragment-ref=\"2255\"\n\tdata-fragment-options=\"{&quot;base_url&quot;:&quot;&quot;,&quot;in_default_wishlist&quot;:false,&quot;is_single&quot;:false,&quot;show_exists&quot;:false,&quot;product_id&quot;:2255,&quot;parent_product_id&quot;:2255,&quot;product_type&quot;:&quot;simple&quot;,&quot;show_view&quot;:false,&quot;browse_wishlist_text&quot;:&quot;Parcourir la liste de souhaits&quot;,&quot;already_in_wishslist_text&quot;:&quot;Le produit est d\\u00e9j\\u00e0 dans votre liste de souhaits!&quot;,&quot;product_added_text&quot;:&quot;Produit ajout\\u00e9!&quot;,&quot;heading_icon&quot;:&quot;custom&quot;,&quot;available_multi_wishlist&quot;:false,&quot;disable_wishlist&quot;:false,&quot;show_count&quot;:false,&quot;ajax_loading&quot;:false,&quot;loop_position&quot;:&quot;after_add_to_cart&quot;,&quot;item&quot;:&quot;add_to_wishlist&quot;}\"\n>\n\t\t\t\n\t\t\t<!-- ADD TO WISHLIST -->\n\t\t\t\n<div class=\"yith-wcwl-add-button\">\n\t\t<a\n\t\thref=\"?add_to_wishlist=2255&#038;_wpnonce=9d837f4184\"\n\t\tclass=\"add_to_wishlist single_add_to_wishlist\"\n\t\tdata-product-id=\"2255\"\n\t\tdata-product-type=\"simple\"\n\t\tdata-original-product-id=\"2255\"\n\t\tdata-title=\"&lt;span class=&quot;ts-tooltip button-tooltip&quot; data-title=&quot;Add to wishlist&quot;&gt;Wishlist&lt;\/span&gt;\"\n\t\trel=\"nofollow\"\n\t>\n\t\t\t\t<span><span class=\"ts-tooltip button-tooltip\" data-title=\"Add to wishlist\">Wishlist<\/span><\/span>\n\t<\/a>\n<\/div>\n\n\t\t\t<!-- COUNT TEXT -->\n\t\t\t\n\t\t\t<\/div>\n<\/div><div class=\"button-in compare\"><a class=\"compare\" href=\"https:\/\/www.symphonya.webservicescms.com?action=yith-woocompare-add-product&id=2255\" data-product_id=\"2255\"><span class=\"ts-tooltip button-tooltip\" data-title=\"Add to compare\">Comparer<\/span><\/a><\/div><\/div>\t\t<\/div>\n\t<\/div>\n<\/section><\/div><\/div><\/div><\/div><\/div><\/div><div class=\"vc_row wpb_row vc_row-fluid vc_custom_1529564904474\"><div class=\"wpb_animate_when_almost_visible wpb_fadeInUp fadeInUp wpb_column vc_column_container vc_col-sm-12\"><div class=\"vc_column-inner\"><div class=\"wpb_wrapper\"><div class=\"vc_separator wpb_content_element vc_separator_align_center vc_sep_width_100 vc_sep_pos_align_center vc_sep_color_grey vc_separator-has-text\" ><span class=\"vc_sep_holder vc_sep_holder_l\"><span class=\"vc_sep_line\"><\/span><\/span><h4>Produits \u00e0 la une<\/h4><span class=\"vc_sep_holder vc_sep_holder_r\"><span class=\"vc_sep_line\"><\/span><\/span>\n<\/div><\/div><\/div><\/div><\/div>\n<\/div>","protected":false},"excerpt":{"rendered":"Mat\u00e9riel de location et organisation de mariage Phasellus nec elementum sem. Phasellus lacus elit, varius vitae enim et, D\u00e9couvrez-nous Contactez-Nous Phasellus nec elementum sem. Phasellus lacus elit, varius vitae enim et, D\u00e9couvrez-nous Promo Hot Quick viewComparer Wishlist Ajouter au panier MEGA-ACCES-04Categories: OfficeRagg Wool Beanie Oatmeal &euro;599,00 Note 5.00 sur 51 Review - 12 months warranty [...]","protected":false},"author":1,"featured_media":0,"parent":0,"menu_order":0,"comment_status":"closed","ping_status":"closed","template":"","meta":{"footnotes":""},"class_list":["post-6331","page","type-page","status-publish","hentry"],"_links":{"self":[{"href":"https:\/\/www.symphonya.webservicescms.com\/fr_fr\/wp-json\/wp\/v2\/pages\/6331","targetHints":{"allow":["GET"]}}],"collection":[{"href":"https:\/\/www.symphonya.webservicescms.com\/fr_fr\/wp-json\/wp\/v2\/pages"}],"about":[{"href":"https:\/\/www.symphonya.webservicescms.com\/fr_fr\/wp-json\/wp\/v2\/types\/page"}],"author":[{"embeddable":true,"href":"https:\/\/www.symphonya.webservicescms.com\/fr_fr\/wp-json\/wp\/v2\/users\/1"}],"replies":[{"embeddable":true,"href":"https:\/\/www.symphonya.webservicescms.com\/fr_fr\/wp-json\/wp\/v2\/comments?post=6331"}],"version-history":[{"count":0,"href":"https:\/\/www.symphonya.webservicescms.com\/fr_fr\/wp-json\/wp\/v2\/pages\/6331\/revisions"}],"wp:attachment":[{"href":"https:\/\/www.symphonya.webservicescms.com\/fr_fr\/wp-json\/wp\/v2\/media?parent=6331"}],"curies":[{"name":"wp","href":"https:\/\/api.w.org\/{rel}","templated":true}]}}