{"id":610,"date":"2019-11-03T11:29:20","date_gmt":"2019-11-03T11:29:20","guid":{"rendered":"http:\/\/www.symphonya.webservicescms.com\/produit\/barre-transversale\/"},"modified":"2019-11-03T11:29:20","modified_gmt":"2019-11-03T11:29:20","slug":"barre-transversale","status":"publish","type":"product","link":"https:\/\/www.symphonya.webservicescms.com\/fr_fr\/produit\/barre-transversale\/","title":{"rendered":"Barre transversale"},"content":{"rendered":"<p>Nappe ronde nude polyester diam\u00e8tre 290cm  trait\u00e9e anti-tache. Gr\u00e2ce \u00e0 la mati\u00e8re polyester  la nappe se froisse moins et le lavage est plus facile.  Tarif d\u00e9gressif \u00e0 partir de 12 pcs  10 50 \u20acHT la nappe.<\/p>\n","protected":false},"excerpt":{"rendered":"<p>Nappe ronde nude polyester diam\u00e8tre 290cm trait\u00e9e anti-tache. Gr\u00e2ce \u00e0 la mati\u00e8re polyester la nappe se froisse moins et le lavage est plus facile. Tarif d\u00e9gressif \u00e0 partir de 12 pcs 10 50 \u20acHT la nappe.<\/p>\n","protected":false},"featured_media":611,"comment_status":"closed","ping_status":"open","template":"","meta":[],"product_cat":[50],"product_tag":[],"class_list":{"0":"post-610","1":"product","2":"type-product","3":"status-publish","4":"has-post-thumbnail","6":"product_cat-structure-rideau","8":"first","9":"instock","10":"product-type-simple","11":"add-to-wishlist-after_add_to_cart"},"_links":{"self":[{"href":"https:\/\/www.symphonya.webservicescms.com\/fr_fr\/wp-json\/wp\/v2\/product\/610","targetHints":{"allow":["GET"]}}],"collection":[{"href":"https:\/\/www.symphonya.webservicescms.com\/fr_fr\/wp-json\/wp\/v2\/product"}],"about":[{"href":"https:\/\/www.symphonya.webservicescms.com\/fr_fr\/wp-json\/wp\/v2\/types\/product"}],"replies":[{"embeddable":true,"href":"https:\/\/www.symphonya.webservicescms.com\/fr_fr\/wp-json\/wp\/v2\/comments?post=610"}],"wp:featuredmedia":[{"embeddable":true,"href":"https:\/\/www.symphonya.webservicescms.com\/fr_fr\/wp-json\/wp\/v2\/media\/611"}],"wp:attachment":[{"href":"https:\/\/www.symphonya.webservicescms.com\/fr_fr\/wp-json\/wp\/v2\/media?parent=610"}],"wp:term":[{"taxonomy":"product_cat","embeddable":true,"href":"https:\/\/www.symphonya.webservicescms.com\/fr_fr\/wp-json\/wp\/v2\/product_cat?post=610"},{"taxonomy":"product_tag","embeddable":true,"href":"https:\/\/www.symphonya.webservicescms.com\/fr_fr\/wp-json\/wp\/v2\/product_tag?post=610"}],"curies":[{"name":"wp","href":"https:\/\/api.w.org\/{rel}","templated":true}]}}