{"id":6429,"date":"2024-03-09T21:40:25","date_gmt":"2024-03-09T21:40:25","guid":{"rendered":"https:\/\/www.symphonya.webservicescms.com\/produit\/allee-des-maries-iris-led\/"},"modified":"2024-03-09T21:40:26","modified_gmt":"2024-03-09T21:40:26","slug":"allee-des-maries-iris-led","status":"publish","type":"product","link":"https:\/\/www.symphonya.webservicescms.com\/fr_fr\/produit\/allee-des-maries-iris-led\/","title":{"rendered":"All\u00e9e des mari\u00e9s Iris LED"},"content":{"rendered":"<p>L&#8217;article a \u00e9t\u00e9 ajout\u00e9<\/p>\n","protected":false},"excerpt":{"rendered":"<p>L&#8217;article a \u00e9t\u00e9 ajout\u00e9<\/p>\n","protected":false},"featured_media":0,"comment_status":"closed","ping_status":"open","template":"","meta":[],"product_cat":[15],"product_tag":[144],"class_list":{"0":"post-6429","1":"product","2":"type-product","3":"status-publish","5":"product_cat-non-classe","6":"product_tag-harmonie-florale","8":"first","9":"instock","10":"purchasable","11":"product-type-simple","12":"add-to-wishlist-after_add_to_cart"},"_links":{"self":[{"href":"https:\/\/www.symphonya.webservicescms.com\/fr_fr\/wp-json\/wp\/v2\/product\/6429","targetHints":{"allow":["GET"]}}],"collection":[{"href":"https:\/\/www.symphonya.webservicescms.com\/fr_fr\/wp-json\/wp\/v2\/product"}],"about":[{"href":"https:\/\/www.symphonya.webservicescms.com\/fr_fr\/wp-json\/wp\/v2\/types\/product"}],"replies":[{"embeddable":true,"href":"https:\/\/www.symphonya.webservicescms.com\/fr_fr\/wp-json\/wp\/v2\/comments?post=6429"}],"wp:attachment":[{"href":"https:\/\/www.symphonya.webservicescms.com\/fr_fr\/wp-json\/wp\/v2\/media?parent=6429"}],"wp:term":[{"taxonomy":"product_cat","embeddable":true,"href":"https:\/\/www.symphonya.webservicescms.com\/fr_fr\/wp-json\/wp\/v2\/product_cat?post=6429"},{"taxonomy":"product_tag","embeddable":true,"href":"https:\/\/www.symphonya.webservicescms.com\/fr_fr\/wp-json\/wp\/v2\/product_tag?post=6429"}],"curies":[{"name":"wp","href":"https:\/\/api.w.org\/{rel}","templated":true}]}}