{"id":6925,"date":"2024-03-10T06:34:41","date_gmt":"2024-03-10T06:34:41","guid":{"rendered":"https:\/\/www.symphonya.webservicescms.com\/produit\/tige-de-fleurs-blanche-80-cm\/"},"modified":"2024-03-10T06:34:41","modified_gmt":"2024-03-10T06:34:41","slug":"tige-de-fleurs-blanche-80-cm","status":"publish","type":"product","link":"https:\/\/www.symphonya.webservicescms.com\/fr_fr\/produit\/tige-de-fleurs-blanche-80-cm\/","title":{"rendered":"Tige de fleurs blanche 80 cm"},"content":{"rendered":"<p>L&#8217;article a \u00e9t\u00e9 ajout\u00e9<\/p>\n","protected":false},"excerpt":{"rendered":"<p>L&#8217;article a \u00e9t\u00e9 ajout\u00e9<\/p>\n","protected":false},"featured_media":0,"comment_status":"closed","ping_status":"open","template":"","meta":[],"product_cat":[15],"product_tag":[144],"class_list":{"0":"post-6925","1":"product","2":"type-product","3":"status-publish","5":"product_cat-non-classe","6":"product_tag-harmonie-florale","8":"first","9":"instock","10":"purchasable","11":"product-type-simple","12":"add-to-wishlist-after_add_to_cart"},"_links":{"self":[{"href":"https:\/\/www.symphonya.webservicescms.com\/fr_fr\/wp-json\/wp\/v2\/product\/6925","targetHints":{"allow":["GET"]}}],"collection":[{"href":"https:\/\/www.symphonya.webservicescms.com\/fr_fr\/wp-json\/wp\/v2\/product"}],"about":[{"href":"https:\/\/www.symphonya.webservicescms.com\/fr_fr\/wp-json\/wp\/v2\/types\/product"}],"replies":[{"embeddable":true,"href":"https:\/\/www.symphonya.webservicescms.com\/fr_fr\/wp-json\/wp\/v2\/comments?post=6925"}],"wp:attachment":[{"href":"https:\/\/www.symphonya.webservicescms.com\/fr_fr\/wp-json\/wp\/v2\/media?parent=6925"}],"wp:term":[{"taxonomy":"product_cat","embeddable":true,"href":"https:\/\/www.symphonya.webservicescms.com\/fr_fr\/wp-json\/wp\/v2\/product_cat?post=6925"},{"taxonomy":"product_tag","embeddable":true,"href":"https:\/\/www.symphonya.webservicescms.com\/fr_fr\/wp-json\/wp\/v2\/product_tag?post=6925"}],"curies":[{"name":"wp","href":"https:\/\/api.w.org\/{rel}","templated":true}]}}