{"id":6987,"date":"2024-03-10T06:41:44","date_gmt":"2024-03-10T06:41:44","guid":{"rendered":"https:\/\/www.symphonya.webservicescms.com\/produit\/carte-de-couleurs\/"},"modified":"2024-03-10T06:41:44","modified_gmt":"2024-03-10T06:41:44","slug":"carte-de-couleurs","status":"publish","type":"product","link":"https:\/\/www.symphonya.webservicescms.com\/fr_fr\/produit\/carte-de-couleurs\/","title":{"rendered":"Carte de couleurs"},"content":{"rendered":"<p>L&#8217;article a \u00e9t\u00e9 ajout\u00e9<\/p>\n","protected":false},"excerpt":{"rendered":"<p>L&#8217;article a \u00e9t\u00e9 ajout\u00e9<\/p>\n","protected":false},"featured_media":6988,"comment_status":"closed","ping_status":"open","template":"","meta":[],"product_cat":[15],"product_tag":[144],"class_list":{"0":"post-6987","1":"product","2":"type-product","3":"status-publish","4":"has-post-thumbnail","6":"product_cat-non-classe","7":"product_tag-harmonie-florale","9":"first","10":"instock","11":"purchasable","12":"product-type-simple","13":"add-to-wishlist-after_add_to_cart"},"_links":{"self":[{"href":"https:\/\/www.symphonya.webservicescms.com\/fr_fr\/wp-json\/wp\/v2\/product\/6987","targetHints":{"allow":["GET"]}}],"collection":[{"href":"https:\/\/www.symphonya.webservicescms.com\/fr_fr\/wp-json\/wp\/v2\/product"}],"about":[{"href":"https:\/\/www.symphonya.webservicescms.com\/fr_fr\/wp-json\/wp\/v2\/types\/product"}],"replies":[{"embeddable":true,"href":"https:\/\/www.symphonya.webservicescms.com\/fr_fr\/wp-json\/wp\/v2\/comments?post=6987"}],"wp:featuredmedia":[{"embeddable":true,"href":"https:\/\/www.symphonya.webservicescms.com\/fr_fr\/wp-json\/wp\/v2\/media\/6988"}],"wp:attachment":[{"href":"https:\/\/www.symphonya.webservicescms.com\/fr_fr\/wp-json\/wp\/v2\/media?parent=6987"}],"wp:term":[{"taxonomy":"product_cat","embeddable":true,"href":"https:\/\/www.symphonya.webservicescms.com\/fr_fr\/wp-json\/wp\/v2\/product_cat?post=6987"},{"taxonomy":"product_tag","embeddable":true,"href":"https:\/\/www.symphonya.webservicescms.com\/fr_fr\/wp-json\/wp\/v2\/product_tag?post=6987"}],"curies":[{"name":"wp","href":"https:\/\/api.w.org\/{rel}","templated":true}]}}